{"id":3733,"date":"2025-01-23T18:54:38","date_gmt":"2025-01-23T21:54:38","guid":{"rendered":"https:\/\/nutribotanica.com.br\/?page_id=3733"},"modified":"2025-03-21T13:00:46","modified_gmt":"2025-03-21T16:00:46","slug":"contact-us","status":"publish","type":"page","link":"https:\/\/nutribotanica.com.br\/fr\/contact-us\/","title":{"rendered":"Contact"},"content":{"rendered":"\t\t<div data-elementor-type=\"wp-page\" data-elementor-id=\"3733\" class=\"elementor elementor-3733\" data-elementor-post-type=\"page\">\n\t\t\t\t<div class=\"elementor-element elementor-element-d49d1e1 e-con-full e-flex e-con e-parent\" data-id=\"d49d1e1\" data-element_type=\"container\" data-e-type=\"container\">\n\t\t<div class=\"elementor-element elementor-element-e125bf4 e-flex e-con-boxed elementor-invisible e-con e-child\" data-id=\"e125bf4\" data-element_type=\"container\" data-e-type=\"container\" data-settings=\"{&quot;background_background&quot;:&quot;classic&quot;,&quot;animation&quot;:&quot;fadeInUp&quot;}\">\n\t\t\t\t\t<div class=\"e-con-inner\">\n\t\t<div class=\"elementor-element elementor-element-3ed3ea1 e-con-full e-flex e-con e-child\" data-id=\"3ed3ea1\" data-element_type=\"container\" data-e-type=\"container\">\n\t\t\t\t<div class=\"elementor-element elementor-element-e94bf86 elementor-widget elementor-widget-heading\" data-id=\"e94bf86\" data-element_type=\"widget\" data-e-type=\"widget\" data-widget_type=\"heading.default\">\n\t\t\t\t<div class=\"elementor-widget-container\">\n\t\t\t\t\t<span class=\"elementor-heading-title elementor-size-default\">Let\u2019s Connect<\/span>\t\t\t\t<\/div>\n\t\t\t\t<\/div>\n\t\t\t\t<div class=\"elementor-element elementor-element-9a36b69 elementor-widget elementor-widget-text-editor\" data-id=\"9a36b69\" data-element_type=\"widget\" data-e-type=\"widget\" data-widget_type=\"text-editor.default\">\n\t\t\t\t<div class=\"elementor-widget-container\">\n\t\t\t\t\t\t\t\t\t<p>Thank you for your interest in learning more about our company.<\/p>\t\t\t\t\t\t\t\t<\/div>\n\t\t\t\t<\/div>\n\t\t\t\t<\/div>\n\t\t\t\t\t<\/div>\n\t\t\t\t<\/div>\n\t\t\t\t<\/div>\n\t\t<div class=\"elementor-element elementor-element-9ea4029 e-con-full e-flex e-con e-parent\" data-id=\"9ea4029\" data-element_type=\"container\" data-e-type=\"container\">\n\t\t<div class=\"elementor-element elementor-element-38a453f e-flex e-con-boxed elementor-invisible e-con e-child\" data-id=\"38a453f\" data-element_type=\"container\" data-e-type=\"container\" data-settings=\"{&quot;animation_tablet&quot;:&quot;fadeInUp&quot;,&quot;animation&quot;:&quot;fadeInUp&quot;,&quot;animation_delay&quot;:300}\">\n\t\t\t\t\t<div class=\"e-con-inner\">\n\t\t<div class=\"elementor-element elementor-element-fb4150b e-con-full e-flex e-con e-child\" data-id=\"fb4150b\" data-element_type=\"container\" data-e-type=\"container\">\n\t\t\t\t<div class=\"elementor-element elementor-element-808c23f elementor-widget elementor-widget-heading\" data-id=\"808c23f\" data-element_type=\"widget\" data-e-type=\"widget\" data-widget_type=\"heading.default\">\n\t\t\t\t<div class=\"elementor-widget-container\">\n\t\t\t\t\t<h2 class=\"elementor-heading-title elementor-size-default\">How to Reach Us<\/h2>\t\t\t\t<\/div>\n\t\t\t\t<\/div>\n\t\t<div class=\"elementor-element elementor-element-13800ed e-con-full e-flex e-con e-child\" data-id=\"13800ed\" data-element_type=\"container\" data-e-type=\"container\" data-settings=\"{&quot;background_background&quot;:&quot;classic&quot;}\">\n\t\t<div class=\"elementor-element elementor-element-f5537fe e-con-full e-flex e-con e-child\" data-id=\"f5537fe\" data-element_type=\"container\" data-e-type=\"container\">\n\t\t<div class=\"elementor-element elementor-element-7c59cf9 e-con-full e-flex e-con e-child\" data-id=\"7c59cf9\" data-element_type=\"container\" data-e-type=\"container\">\n\t\t\t\t<div class=\"elementor-element elementor-element-b5d5567 elementor-view-default elementor-widget elementor-widget-icon\" data-id=\"b5d5567\" data-element_type=\"widget\" data-e-type=\"widget\" data-widget_type=\"icon.default\">\n\t\t\t\t<div class=\"elementor-widget-container\">\n\t\t\t\t\t\t\t<div class=\"elementor-icon-wrapper\">\n\t\t\t<div class=\"elementor-icon\">\n\t\t\t<svg xmlns=\"http:\/\/www.w3.org\/2000\/svg\" width=\"40\" height=\"40\" viewBox=\"0 0 40 40\" fill=\"none\"><rect width=\"40\" height=\"40\" fill=\"white\" fill-opacity=\"0.01\" style=\"mix-blend-mode:multiply\"><\/rect><path d=\"M20 30L12.3875 19.25C11.1415 17.7788 10.3391 15.9839 10.0737 14.0744C9.80833 12.1648 10.0909 10.2191 10.8886 8.46394C11.6863 6.70878 12.9662 5.21635 14.5793 4.16049C16.1924 3.10462 18.0723 2.52877 20 2.5C22.6722 2.52641 25.225 3.61074 27.0993 5.51552C28.9736 7.42029 30.0167 9.99024 30 12.6625C30.001 14.9937 29.2074 17.2556 27.75 19.075L20 30ZM20 5C17.9898 5.02308 16.071 5.84297 14.6648 7.27963C13.2586 8.71629 12.48 10.6523 12.5 12.6625C12.5084 14.4973 13.1685 16.2694 14.3625 17.6625L20 25.65L25.7875 17.5C26.8876 16.1268 27.4911 14.422 27.5 12.6625C27.52 10.6523 26.7414 8.71629 25.3352 7.27963C23.929 5.84297 22.0102 5.02308 20 5Z\" fill=\"#F58634\"><\/path><path d=\"M20 13.75C21.3807 13.75 22.5 12.6307 22.5 11.25C22.5 9.86929 21.3807 8.75 20 8.75C18.6193 8.75 17.5 9.86929 17.5 11.25C17.5 12.6307 18.6193 13.75 20 13.75Z\" fill=\"#F58634\"><\/path><path d=\"M35 15H32.5V17.5H35V35H5V17.5H7.5V15H5C4.33696 15 3.70107 15.2634 3.23223 15.7322C2.76339 16.2011 2.5 16.837 2.5 17.5V35C2.5 35.663 2.76339 36.2989 3.23223 36.7678C3.70107 37.2366 4.33696 37.5 5 37.5H35C35.663 37.5 36.2989 37.2366 36.7678 36.7678C37.2366 36.2989 37.5 35.663 37.5 35V17.5C37.5 16.837 37.2366 16.2011 36.7678 15.7322C36.2989 15.2634 35.663 15 35 15Z\" fill=\"#F58634\"><\/path><\/svg>\t\t\t<\/div>\n\t\t<\/div>\n\t\t\t\t\t\t<\/div>\n\t\t\t\t<\/div>\n\t\t\t\t<div class=\"elementor-element elementor-element-a519f4d elementor-widget-tablet__width-initial elementor-widget elementor-widget-text-editor\" data-id=\"a519f4d\" data-element_type=\"widget\" data-e-type=\"widget\" data-widget_type=\"text-editor.default\">\n\t\t\t\t<div class=\"elementor-widget-container\">\n\t\t\t\t\t\t\t\t\t<p><a href=\"https:\/\/maps.app.goo.gl\/ovj6QKfnBm5B2PY87\" target=\"_blank\" rel=\"noopener\">Fazenda Amway Nutrilite do Brasil<\/a><br \/>S\u00edtio Jabur\u00fa, 0, Zona Rural<br \/>Ubajara, Cear\u00e1, Brasil, 62350-000<\/p>\t\t\t\t\t\t\t\t<\/div>\n\t\t\t\t<\/div>\n\t\t\t\t<\/div>\n\t\t<div class=\"elementor-element elementor-element-bf8858d e-con-full e-flex e-con e-child\" data-id=\"bf8858d\" data-element_type=\"container\" data-e-type=\"container\">\n\t\t\t\t<div class=\"elementor-element elementor-element-4c1806e elementor-view-default elementor-widget elementor-widget-icon\" data-id=\"4c1806e\" data-element_type=\"widget\" data-e-type=\"widget\" data-widget_type=\"icon.default\">\n\t\t\t\t<div class=\"elementor-widget-container\">\n\t\t\t\t\t\t\t<div class=\"elementor-icon-wrapper\">\n\t\t\t<div class=\"elementor-icon\">\n\t\t\t<svg xmlns=\"http:\/\/www.w3.org\/2000\/svg\" width=\"41\" height=\"40\" viewBox=\"0 0 41 40\" fill=\"none\"><rect width=\"40\" height=\"40\" transform=\"translate(0.333496)\" fill=\"white\" fill-opacity=\"0.01\" style=\"mix-blend-mode:multiply\"><\/rect><path d=\"M35.3335 7.5H5.3335C4.67045 7.5 4.03457 7.76339 3.56573 8.23223C3.09689 8.70107 2.8335 9.33696 2.8335 10V30C2.8335 30.663 3.09689 31.2989 3.56573 31.7678C4.03457 32.2366 4.67045 32.5 5.3335 32.5H35.3335C35.9965 32.5 36.6324 32.2366 37.1013 31.7678C37.5701 31.2989 37.8335 30.663 37.8335 30V10C37.8335 9.33696 37.5701 8.70107 37.1013 8.23223C36.6324 7.76339 35.9965 7.5 35.3335 7.5ZM32.5835 10L20.3335 18.475L8.0835 10H32.5835ZM5.3335 30V11.1375L19.621 21.025C19.8302 21.1702 20.0788 21.2479 20.3335 21.2479C20.5882 21.2479 20.8368 21.1702 21.046 21.025L35.3335 11.1375V30H5.3335Z\" fill=\"#F58634\"><\/path><\/svg>\t\t\t<\/div>\n\t\t<\/div>\n\t\t\t\t\t\t<\/div>\n\t\t\t\t<\/div>\n\t\t\t\t<div class=\"elementor-element elementor-element-79858b2 elementor-widget-tablet__width-initial elementor-widget elementor-widget-text-editor\" data-id=\"79858b2\" data-element_type=\"widget\" data-e-type=\"widget\" data-widget_type=\"text-editor.default\">\n\t\t\t\t<div class=\"elementor-widget-container\">\n\t\t\t\t\t\t\t\t\t<p><a href=\"mailto:sales@nutribotanica.com\" target=\"_blank\" rel=\"noopener\">sales@nutribotanica.com<\/a><\/p>\t\t\t\t\t\t\t\t<\/div>\n\t\t\t\t<\/div>\n\t\t\t\t<\/div>\n\t\t\t\t<\/div>\n\t\t\t\t<\/div>\n\t\t\t\t<\/div>\n\t\t\t\t\t<\/div>\n\t\t\t\t<\/div>\n\t\t\t\t<\/div>\n\t\t<div class=\"elementor-element elementor-element-f2bbb84 e-con-full e-flex e-con e-parent\" data-id=\"f2bbb84\" data-element_type=\"container\" data-e-type=\"container\">\n\t\t<div class=\"elementor-element elementor-element-e72689b e-flex e-con-boxed elementor-invisible e-con e-child\" data-id=\"e72689b\" data-element_type=\"container\" data-e-type=\"container\" data-settings=\"{&quot;animation_tablet&quot;:&quot;fadeInUp&quot;,&quot;animation&quot;:&quot;fadeInUp&quot;,&quot;animation_delay&quot;:300}\">\n\t\t\t\t\t<div class=\"e-con-inner\">\n\t\t<div class=\"elementor-element elementor-element-7361dec e-con-full e-flex e-con e-child\" data-id=\"7361dec\" data-element_type=\"container\" data-e-type=\"container\">\n\t\t\t\t<div class=\"elementor-element elementor-element-9b49233 elementor-widget elementor-widget-heading\" data-id=\"9b49233\" data-element_type=\"widget\" data-e-type=\"widget\" data-widget_type=\"heading.default\">\n\t\t\t\t<div class=\"elementor-widget-container\">\n\t\t\t\t\t<h2 class=\"elementor-heading-title elementor-size-default\">Our Team<\/h2>\t\t\t\t<\/div>\n\t\t\t\t<\/div>\n\t\t<div class=\"elementor-element elementor-element-ad49228 e-con-full e-flex e-con e-child\" data-id=\"ad49228\" data-element_type=\"container\" data-e-type=\"container\">\n\t\t<div class=\"elementor-element elementor-element-8b96a96 e-con-full e-flex e-con e-child\" data-id=\"8b96a96\" data-element_type=\"container\" data-e-type=\"container\">\n\t\t<div class=\"elementor-element elementor-element-cd822c0 e-con-full e-flex e-con e-child\" data-id=\"cd822c0\" data-element_type=\"container\" data-e-type=\"container\">\n\t\t<div class=\"elementor-element elementor-element-5f48f43 e-con-full e-flex e-con e-child\" data-id=\"5f48f43\" data-element_type=\"container\" data-e-type=\"container\" data-settings=\"{&quot;background_background&quot;:&quot;classic&quot;}\">\n\t\t\t\t<\/div>\n\t\t<div class=\"elementor-element elementor-element-a94c587 e-con-full e-flex e-con e-child\" data-id=\"a94c587\" data-element_type=\"container\" data-e-type=\"container\" data-settings=\"{&quot;background_background&quot;:&quot;classic&quot;}\">\n\t\t<div class=\"elementor-element elementor-element-dca95c5 e-con-full e-flex e-con e-child\" data-id=\"dca95c5\" data-element_type=\"container\" data-e-type=\"container\">\n\t\t\t\t<div class=\"elementor-element elementor-element-392cae9 elementor-widget elementor-widget-heading\" data-id=\"392cae9\" data-element_type=\"widget\" data-e-type=\"widget\" data-widget_type=\"heading.default\">\n\t\t\t\t<div class=\"elementor-widget-container\">\n\t\t\t\t\t<h3 class=\"elementor-heading-title elementor-size-default\">William Pereira<\/h3>\t\t\t\t<\/div>\n\t\t\t\t<\/div>\n\t\t\t\t<div class=\"elementor-element elementor-element-a70d8e8 elementor-widget elementor-widget-text-editor\" data-id=\"a70d8e8\" data-element_type=\"widget\" data-e-type=\"widget\" data-widget_type=\"text-editor.default\">\n\t\t\t\t<div class=\"elementor-widget-container\">\n\t\t\t\t\t\t\t\t\t<p>Sales &amp; Foreign Trade Coordinator<\/p>\t\t\t\t\t\t\t\t<\/div>\n\t\t\t\t<\/div>\n\t\t\t\t<\/div>\n\t\t\t\t<div class=\"elementor-element elementor-element-27e3c97 elementor-widget elementor-widget-text-editor\" data-id=\"27e3c97\" data-element_type=\"widget\" data-e-type=\"widget\" data-widget_type=\"text-editor.default\">\n\t\t\t\t<div class=\"elementor-widget-container\">\n\t\t\t\t\t\t\t\t\t<p><a href=\"mailto:william.pereira@amway.com\" target=\"_blank\" rel=\"noopener\">william.pereira@amway.com <\/a><br \/><a href=\"https:\/\/wa.me\/5588992386929\" target=\"_blank\" rel=\"noopener\">+55 88 99238-6929<\/a><\/p>\t\t\t\t\t\t\t\t<\/div>\n\t\t\t\t<\/div>\n\t\t\t\t<\/div>\n\t\t\t\t<\/div>\n\t\t\t\t<\/div>\n\t\t<div class=\"elementor-element elementor-element-47f5aa8 e-con-full e-flex e-con e-child\" data-id=\"47f5aa8\" data-element_type=\"container\" data-e-type=\"container\">\n\t\t<div class=\"elementor-element elementor-element-3b1247e e-con-full e-flex e-con e-child\" data-id=\"3b1247e\" data-element_type=\"container\" data-e-type=\"container\">\n\t\t<div class=\"elementor-element elementor-element-95a71dd e-con-full e-flex e-con e-child\" data-id=\"95a71dd\" data-element_type=\"container\" data-e-type=\"container\" data-settings=\"{&quot;background_background&quot;:&quot;classic&quot;}\">\n\t\t\t\t<\/div>\n\t\t<div class=\"elementor-element elementor-element-27b5fb1 e-con-full e-flex e-con e-child\" data-id=\"27b5fb1\" data-element_type=\"container\" data-e-type=\"container\" data-settings=\"{&quot;background_background&quot;:&quot;classic&quot;}\">\n\t\t<div class=\"elementor-element elementor-element-ac6a883 e-con-full e-flex e-con e-child\" data-id=\"ac6a883\" data-element_type=\"container\" data-e-type=\"container\">\n\t\t\t\t<div class=\"elementor-element elementor-element-e4669cd elementor-widget elementor-widget-heading\" data-id=\"e4669cd\" data-element_type=\"widget\" data-e-type=\"widget\" data-widget_type=\"heading.default\">\n\t\t\t\t<div class=\"elementor-widget-container\">\n\t\t\t\t\t<h3 class=\"elementor-heading-title elementor-size-default\">Leonardo Silva<\/h3>\t\t\t\t<\/div>\n\t\t\t\t<\/div>\n\t\t\t\t<div class=\"elementor-element elementor-element-9f04c9a elementor-widget elementor-widget-text-editor\" data-id=\"9f04c9a\" data-element_type=\"widget\" data-e-type=\"widget\" data-widget_type=\"text-editor.default\">\n\t\t\t\t<div class=\"elementor-widget-container\">\n\t\t\t\t\t\t\t\t\t<p>Sales Analyst<\/p>\t\t\t\t\t\t\t\t<\/div>\n\t\t\t\t<\/div>\n\t\t\t\t<\/div>\n\t\t\t\t<div class=\"elementor-element elementor-element-c37c5b7 elementor-widget elementor-widget-text-editor\" data-id=\"c37c5b7\" data-element_type=\"widget\" data-e-type=\"widget\" data-widget_type=\"text-editor.default\">\n\t\t\t\t<div class=\"elementor-widget-container\">\n\t\t\t\t\t\t\t\t\t<p><a href=\"mailto:leonardo.silva@amway.com\" target=\"_blank\" rel=\"noopener\">leonardo.silva@amway.com<\/a><br \/><a href=\"https:\/\/wa.me\/5588992839769\" target=\"_blank\" rel=\"noopener\">+55 88 99283-9769<\/a><\/p>\t\t\t\t\t\t\t\t<\/div>\n\t\t\t\t<\/div>\n\t\t\t\t<\/div>\n\t\t\t\t<\/div>\n\t\t\t\t<\/div>\n\t\t<div class=\"elementor-element elementor-element-29ee355 e-con-full e-flex e-con e-child\" data-id=\"29ee355\" data-element_type=\"container\" data-e-type=\"container\">\n\t\t<div class=\"elementor-element elementor-element-4a1cecd e-con-full e-flex e-con e-child\" data-id=\"4a1cecd\" data-element_type=\"container\" data-e-type=\"container\">\n\t\t<div class=\"elementor-element elementor-element-1de6daf e-con-full e-flex e-con e-child\" data-id=\"1de6daf\" data-element_type=\"container\" data-e-type=\"container\" data-settings=\"{&quot;background_background&quot;:&quot;classic&quot;}\">\n\t\t\t\t<\/div>\n\t\t<div class=\"elementor-element elementor-element-845ce5a e-con-full e-flex e-con e-child\" data-id=\"845ce5a\" data-element_type=\"container\" data-e-type=\"container\" data-settings=\"{&quot;background_background&quot;:&quot;classic&quot;}\">\n\t\t<div class=\"elementor-element elementor-element-882e4c2 e-con-full e-flex e-con e-child\" data-id=\"882e4c2\" data-element_type=\"container\" data-e-type=\"container\">\n\t\t\t\t<div class=\"elementor-element elementor-element-1c18c62 elementor-widget elementor-widget-heading\" data-id=\"1c18c62\" data-element_type=\"widget\" data-e-type=\"widget\" data-widget_type=\"heading.default\">\n\t\t\t\t<div class=\"elementor-widget-container\">\n\t\t\t\t\t<h3 class=\"elementor-heading-title elementor-size-default\">Gabriela Aguiar<\/h3>\t\t\t\t<\/div>\n\t\t\t\t<\/div>\n\t\t\t\t<div class=\"elementor-element elementor-element-1763890 elementor-widget elementor-widget-text-editor\" data-id=\"1763890\" data-element_type=\"widget\" data-e-type=\"widget\" data-widget_type=\"text-editor.default\">\n\t\t\t\t<div class=\"elementor-widget-container\">\n\t\t\t\t\t\t\t\t\t<p>Assoc. Trade Analyst I<\/p>\t\t\t\t\t\t\t\t<\/div>\n\t\t\t\t<\/div>\n\t\t\t\t<\/div>\n\t\t\t\t<div class=\"elementor-element elementor-element-47033c9 elementor-widget elementor-widget-text-editor\" data-id=\"47033c9\" data-element_type=\"widget\" data-e-type=\"widget\" data-widget_type=\"text-editor.default\">\n\t\t\t\t<div class=\"elementor-widget-container\">\n\t\t\t\t\t\t\t\t\t<p><a href=\"mailto:gabriela.aguiar@amway.com\">gabriela.aguiar@amway.com<\/a><\/p>\t\t\t\t\t\t\t\t<\/div>\n\t\t\t\t<\/div>\n\t\t\t\t<\/div>\n\t\t\t\t<\/div>\n\t\t\t\t<\/div>\n\t\t\t\t<\/div>\n\t\t\t\t<\/div>\n\t\t\t\t\t<\/div>\n\t\t\t\t<\/div>\n\t\t\t\t<\/div>\n\t\t<div class=\"elementor-element elementor-element-ceed3be e-con-full e-flex e-con e-parent\" data-id=\"ceed3be\" data-element_type=\"container\" data-e-type=\"container\">\n\t\t<div class=\"elementor-element elementor-element-db711b2 e-con-full e-flex elementor-invisible e-con e-child\" data-id=\"db711b2\" data-element_type=\"container\" data-e-type=\"container\" data-settings=\"{&quot;background_background&quot;:&quot;classic&quot;,&quot;animation&quot;:&quot;fadeInUp&quot;}\">\n\t\t<div class=\"elementor-element elementor-element-568f688 e-flex e-con-boxed e-con e-child\" data-id=\"568f688\" data-element_type=\"container\" data-e-type=\"container\">\n\t\t\t\t\t<div class=\"e-con-inner\">\n\t\t<div class=\"elementor-element elementor-element-a5a110e e-con-full e-flex e-con e-child\" data-id=\"a5a110e\" data-element_type=\"container\" data-e-type=\"container\">\n\t\t\t\t<div class=\"elementor-element elementor-element-840b214 elementor-widget elementor-widget-heading\" data-id=\"840b214\" data-element_type=\"widget\" data-e-type=\"widget\" data-widget_type=\"heading.default\">\n\t\t\t\t<div class=\"elementor-widget-container\">\n\t\t\t\t\t<h2 class=\"elementor-heading-title elementor-size-default\">Talk to Nutribotanica<\/h2>\t\t\t\t<\/div>\n\t\t\t\t<\/div>\n\t\t\t\t<div class=\"elementor-element elementor-element-727010c elementor-widget elementor-widget-text-editor\" data-id=\"727010c\" data-element_type=\"widget\" data-e-type=\"widget\" data-widget_type=\"text-editor.default\">\n\t\t\t\t<div class=\"elementor-widget-container\">\n\t\t\t\t\t\t\t\t\t<p>We care about your questions and concerns, and are eager to hear from you.<\/p>\t\t\t\t\t\t\t\t<\/div>\n\t\t\t\t<\/div>\n\t\t\t\t<\/div>\n\t\t\t\t<div class=\"elementor-element elementor-element-d39f677 elementor-widget__width-initial elementor-widget elementor-widget-shortcode\" data-id=\"d39f677\" data-element_type=\"widget\" data-e-type=\"widget\" data-widget_type=\"shortcode.default\">\n\t\t\t\t<div class=\"elementor-widget-container\">\n\t\t\t\t\t\t\t<div class=\"elementor-shortcode\">\t\t<div data-elementor-type=\"container\" data-elementor-id=\"1480\" class=\"elementor elementor-1480\" data-elementor-post-type=\"elementor_library\">\n\t\t\t\t<div class=\"elementor-element elementor-element-443c17ed e-con-full e-flex elementor-invisible e-con e-child\" data-id=\"443c17ed\" data-element_type=\"container\" data-e-type=\"container\" data-settings=\"{&quot;background_background&quot;:&quot;classic&quot;,&quot;animation&quot;:&quot;fadeInUp&quot;}\">\n\t\t<div class=\"elementor-element elementor-element-3a8d3036 e-con-full e-flex e-con e-child\" data-id=\"3a8d3036\" data-element_type=\"container\" data-e-type=\"container\">\n\t\t<div class=\"elementor-element elementor-element-6db8f42f e-con-full e-flex e-con e-child\" data-id=\"6db8f42f\" data-element_type=\"container\" data-e-type=\"container\">\n\t\t\t\t<div class=\"elementor-element elementor-element-c87823f elementor-widget elementor-widget-heading\" data-id=\"c87823f\" data-element_type=\"widget\" data-e-type=\"widget\" data-widget_type=\"heading.default\">\n\t\t\t\t<div class=\"elementor-widget-container\">\n\t\t\t\t\t<h2 class=\"elementor-heading-title elementor-size-default\">What Can We Do For You?<\/h2>\t\t\t\t<\/div>\n\t\t\t\t<\/div>\n\t\t\t\t<div class=\"elementor-element elementor-element-74fc3a4 elementor-widget elementor-widget-text-editor\" data-id=\"74fc3a4\" data-element_type=\"widget\" data-e-type=\"widget\" data-widget_type=\"text-editor.default\">\n\t\t\t\t<div class=\"elementor-widget-container\">\n\t\t\t\t\t\t\t\t\t<p>Our support team is here to help you by phone or email.<\/p>\t\t\t\t\t\t\t\t<\/div>\n\t\t\t\t<\/div>\n\t\t\t\t<\/div>\n\t\t\t\t<div class=\"elementor-element elementor-element-ea231b3 elementor-mobile-button-align-stretch elementor-widget elementor-widget-form\" data-id=\"ea231b3\" data-element_type=\"widget\" data-e-type=\"widget\" data-settings=\"{&quot;step_next_label&quot;:&quot;Next&quot;,&quot;step_previous_label&quot;:&quot;Previous&quot;,&quot;button_width&quot;:&quot;100&quot;,&quot;step_type&quot;:&quot;number_text&quot;,&quot;step_icon_shape&quot;:&quot;circle&quot;}\" data-widget_type=\"form.default\">\n\t\t\t\t<div class=\"elementor-widget-container\">\n\t\t\t\t\t\t\t<form class=\"elementor-form\" method=\"post\" name=\"New Form\" aria-label=\"New Form\">\n\t\t\t<input type=\"hidden\" name=\"post_id\" value=\"1480\"\/>\n\t\t\t<input type=\"hidden\" name=\"form_id\" value=\"ea231b3\"\/>\n\t\t\t<input type=\"hidden\" name=\"referer_title\" value=\"Contact\" \/>\n\n\t\t\t\t\t\t\t<input type=\"hidden\" name=\"queried_id\" value=\"3733\"\/>\n\t\t\t\n\t\t\t<div class=\"elementor-form-fields-wrapper elementor-labels-\">\n\t\t\t\t\t\t\t\t<div class=\"elementor-field-type-recaptcha_v3 elementor-field-group elementor-column elementor-field-group-field_e501d3c elementor-col-100 recaptcha_v3-bottomright\">\n\t\t\t\t\t<div class=\"elementor-field\" id=\"form-field-field_e501d3c\"><div class=\"elementor-g-recaptcha\" data-sitekey=\"6Lf-6LMqAAAAAJ0Yb-RqgrMUn5VQQikwNkeJKfqg\" data-type=\"v3\" data-action=\"Form\" data-badge=\"bottomright\" data-size=\"invisible\"><\/div><\/div>\t\t\t\t<\/div>\n\t\t\t\t\t\t\t\t<div class=\"elementor-field-type-text elementor-field-group elementor-column elementor-field-group-name elementor-col-50\">\n\t\t\t\t\t\t\t\t\t\t\t\t<label for=\"form-field-name\" class=\"elementor-field-label elementor-screen-only\">\n\t\t\t\t\t\t\t\tName\t\t\t\t\t\t\t<\/label>\n\t\t\t\t\t\t\t\t\t\t\t\t\t\t<input size=\"1\" type=\"text\" name=\"form_fields[name]\" id=\"form-field-name\" class=\"elementor-field elementor-size-md  elementor-field-textual\" placeholder=\"Name\">\n\t\t\t\t\t\t\t\t\t\t\t<\/div>\n\t\t\t\t\t\t\t\t<div class=\"elementor-field-type-email elementor-field-group elementor-column elementor-field-group-email elementor-col-50 elementor-field-required\">\n\t\t\t\t\t\t\t\t\t\t\t\t<label for=\"form-field-email\" class=\"elementor-field-label elementor-screen-only\">\n\t\t\t\t\t\t\t\tEmail\t\t\t\t\t\t\t<\/label>\n\t\t\t\t\t\t\t\t\t\t\t\t\t\t<input size=\"1\" type=\"email\" name=\"form_fields[email]\" id=\"form-field-email\" class=\"elementor-field elementor-size-md  elementor-field-textual\" placeholder=\"Email\" required=\"required\">\n\t\t\t\t\t\t\t\t\t\t\t<\/div>\n\t\t\t\t\t\t\t\t<div class=\"elementor-field-type-textarea elementor-field-group elementor-column elementor-field-group-message elementor-col-100\">\n\t\t\t\t\t\t\t\t\t\t\t\t<label for=\"form-field-message\" class=\"elementor-field-label elementor-screen-only\">\n\t\t\t\t\t\t\t\tMessage\t\t\t\t\t\t\t<\/label>\n\t\t\t\t\t\t<textarea class=\"elementor-field-textual elementor-field  elementor-size-md\" name=\"form_fields[message]\" id=\"form-field-message\" rows=\"4\" placeholder=\"Message\"><\/textarea>\t\t\t\t<\/div>\n\t\t\t\t\t\t\t\t<div class=\"elementor-field-group elementor-column elementor-field-type-submit elementor-col-100 e-form__buttons\">\n\t\t\t\t\t<button class=\"elementor-button elementor-size-md\" type=\"submit\" id=\"contact-form-button\">\n\t\t\t\t\t\t<span class=\"elementor-button-content-wrapper\">\n\t\t\t\t\t\t\t\t\t\t\t\t\t\t\t<span class=\"elementor-button-icon\">\n\t\t\t\t\t\t\t\t\t<svg xmlns=\"http:\/\/www.w3.org\/2000\/svg\" width=\"30\" height=\"30\" viewBox=\"0 0 30 30\" fill=\"none\"><rect width=\"30\" height=\"30\" fill=\"white\" fill-opacity=\"0.01\" style=\"mix-blend-mode:multiply\"><\/rect><path d=\"M20.6875 14.9633L11.3125 24.3383L10 23.0258L18.0625 14.9633L10 6.90076L11.3125 5.58826L20.6875 14.9633Z\" fill=\"white\"><\/path><\/svg>\t\t\t\t\t\t\t\t\t\t\t\t\t\t\t\t\t<\/span>\n\t\t\t\t\t\t\t\t\t\t\t\t\t\t\t\t\t\t\t\t\t\t<span class=\"elementor-button-text\">Send<\/span>\n\t\t\t\t\t\t\t\t\t\t\t\t\t<\/span>\n\t\t\t\t\t<\/button>\n\t\t\t\t<\/div>\n\t\t\t<\/div>\n\t\t<\/form>\n\t\t\t\t\t\t<\/div>\n\t\t\t\t<\/div>\n\t\t\t\t<div class=\"elementor-element elementor-element-9dfbb38 recaptcha-text-message elementor-widget elementor-widget-text-editor\" data-id=\"9dfbb38\" data-element_type=\"widget\" data-e-type=\"widget\" data-widget_type=\"text-editor.default\">\n\t\t\t\t<div class=\"elementor-widget-container\">\n\t\t\t\t\t\t\t\t\t<pre class=\"clear-for-copy\">This site is protected by reCAPTCHA and the Google <a href=\"http:\/\/href=&quot;https:\/\/policies.google.com\/privacy&quot;\" target=\"_blank\" rel=\"noopener\">Privacy Policy<\/a> and <a href=\"https:\/\/policies.google.com\/terms\" target=\"_blank\" rel=\"noopener\">Terms of Service<\/a> apply.<\/pre>\t\t\t\t\t\t\t\t<\/div>\n\t\t\t\t<\/div>\n\t\t\t\t<\/div>\n\t\t\t\t<\/div>\n\t\t\t\t<\/div>\n\t\t<\/div>\n\t\t\t\t\t\t<\/div>\n\t\t\t\t<\/div>\n\t\t\t\t\t<\/div>\n\t\t\t\t<\/div>\n\t\t\t\t<\/div>\n\t\t\t\t<\/div>\n\t\t\t\t<\/div>\n\t\t","protected":false},"excerpt":{"rendered":"<p>Let\u2019s Connect Thank you for your interest in learning more about our company. How to Reach Us Fazenda Amway Nutrilite do BrasilS\u00edtio Jabur\u00fa, 0, Zona RuralUbajara, Cear\u00e1, Brasil, 62350-000 sales@nutribotanica.com Our Team William Pereira Sales &amp; Foreign Trade Coordinator william.pereira@amway.com +55 88 99238-6929 Leonardo Silva Sales Analyst leonardo.silva@amway.com+55 88 99283-9769 Gabriela Aguiar Assoc. Trade Analyst [&hellip;]<\/p>\n","protected":false},"author":1,"featured_media":0,"parent":0,"menu_order":0,"comment_status":"closed","ping_status":"closed","template":"","meta":{"footnotes":""},"class_list":["post-3733","page","type-page","status-publish","hentry"],"_links":{"self":[{"href":"https:\/\/nutribotanica.com.br\/fr\/wp-json\/wp\/v2\/pages\/3733","targetHints":{"allow":["GET"]}}],"collection":[{"href":"https:\/\/nutribotanica.com.br\/fr\/wp-json\/wp\/v2\/pages"}],"about":[{"href":"https:\/\/nutribotanica.com.br\/fr\/wp-json\/wp\/v2\/types\/page"}],"author":[{"embeddable":true,"href":"https:\/\/nutribotanica.com.br\/fr\/wp-json\/wp\/v2\/users\/1"}],"replies":[{"embeddable":true,"href":"https:\/\/nutribotanica.com.br\/fr\/wp-json\/wp\/v2\/comments?post=3733"}],"version-history":[{"count":0,"href":"https:\/\/nutribotanica.com.br\/fr\/wp-json\/wp\/v2\/pages\/3733\/revisions"}],"wp:attachment":[{"href":"https:\/\/nutribotanica.com.br\/fr\/wp-json\/wp\/v2\/media?parent=3733"}],"curies":[{"name":"wp","href":"https:\/\/api.w.org\/{rel}","templated":true}]}}